{"id":866,"date":"2021-01-04T14:01:42","date_gmt":"2021-01-04T14:01:42","guid":{"rendered":"http:\/\/www.katinkakraft.com\/?page_id=866"},"modified":"2026-01-23T14:57:40","modified_gmt":"2026-01-23T14:57:40","slug":"events","status":"publish","type":"page","link":"http:\/\/www.katinkakraft.com\/de\/events\/","title":{"rendered":"Termine"},"content":{"rendered":"<div data-elementor-type=\"wp-post\" data-elementor-id=\"866\" class=\"elementor elementor-866\" data-elementor-post-type=\"page\">\n\t\t\t\t\t\t<section class=\"elementor-section elementor-top-section elementor-element elementor-element-5d9e66e elementor-section-boxed elementor-section-height-default elementor-section-height-default\" data-id=\"5d9e66e\" data-element_type=\"section\" data-settings=\"{&quot;background_background&quot;:&quot;classic&quot;}\">\n\t\t\t\t\t\t<div class=\"elementor-container elementor-column-gap-default\">\n\t\t\t\t\t<div class=\"elementor-column elementor-col-100 elementor-top-column elementor-element elementor-element-006046f\" data-id=\"006046f\" data-element_type=\"column\">\n\t\t\t<div class=\"elementor-widget-wrap elementor-element-populated\">\n\t\t\t\t\t\t<div class=\"elementor-element elementor-element-32a9bf8 elementor-widget elementor-widget-heading\" data-id=\"32a9bf8\" data-element_type=\"widget\" data-widget_type=\"heading.default\">\n\t\t\t\t<div class=\"elementor-widget-container\">\n\t\t\t\t\t<h1 class=\"elementor-heading-title elementor-size-default\">Termine<\/h1>\t\t\t\t<\/div>\n\t\t\t\t<\/div>\n\t\t\t\t\t<\/div>\n\t\t<\/div>\n\t\t\t\t\t<\/div>\n\t\t<\/section>\n\t\t\t\t<section class=\"elementor-section elementor-top-section elementor-element elementor-element-6be87ff elementor-section-boxed elementor-section-height-default elementor-section-height-default\" data-id=\"6be87ff\" data-element_type=\"section\">\n\t\t\t\t\t\t<div class=\"elementor-container elementor-column-gap-default\">\n\t\t\t\t\t<div class=\"elementor-column elementor-col-50 elementor-top-column elementor-element elementor-element-f2cf522\" data-id=\"f2cf522\" data-element_type=\"column\">\n\t\t\t<div class=\"elementor-widget-wrap elementor-element-populated\">\n\t\t\t\t\t\t<div class=\"elementor-element elementor-element-aa6663b elementor-widget elementor-widget-image\" data-id=\"aa6663b\" data-element_type=\"widget\" data-widget_type=\"image.default\">\n\t\t\t\t<div class=\"elementor-widget-container\">\n\t\t\t\t\t\t\t\t\t\t\t\t\t\t\t<img fetchpriority=\"high\" decoding=\"async\" width=\"1024\" height=\"1536\" src=\"https:\/\/www.katinkakraft.com\/wp-content\/uploads\/2025\/10\/ChatGPT-Image-Oct-17-2025-11_26_20-AM.png\" class=\"attachment-medium_large size-medium_large wp-image-5463\" alt=\"\" srcset=\"https:\/\/www.katinkakraft.com\/wp-content\/uploads\/2025\/10\/ChatGPT-Image-Oct-17-2025-11_26_20-AM.png 1024w, https:\/\/www.katinkakraft.com\/wp-content\/uploads\/2025\/10\/ChatGPT-Image-Oct-17-2025-11_26_20-AM-200x300.png 200w, https:\/\/www.katinkakraft.com\/wp-content\/uploads\/2025\/10\/ChatGPT-Image-Oct-17-2025-11_26_20-AM-683x1024.png 683w, https:\/\/www.katinkakraft.com\/wp-content\/uploads\/2025\/10\/ChatGPT-Image-Oct-17-2025-11_26_20-AM-8x12.png 8w\" sizes=\"(max-width: 1024px) 100vw, 1024px\" \/>\t\t\t\t\t\t\t\t\t\t\t\t\t\t\t<\/div>\n\t\t\t\t<\/div>\n\t\t\t\t\t<\/div>\n\t\t<\/div>\n\t\t\t\t<div class=\"elementor-column elementor-col-50 elementor-top-column elementor-element elementor-element-2937600\" data-id=\"2937600\" data-element_type=\"column\">\n\t\t\t<div class=\"elementor-widget-wrap elementor-element-populated\">\n\t\t\t\t\t\t<div class=\"elementor-element elementor-element-11ff42f elementor-widget__width-initial elementor-widget elementor-widget-text-editor\" data-id=\"11ff42f\" data-element_type=\"widget\" data-widget_type=\"text-editor.default\">\n\t\t\t\t<div class=\"elementor-widget-container\">\n\t\t\t\t\t\t\t\t\t<p data-start=\"89\" data-end=\"255\"><strong>Ich arbeite derzeit an einer neuen Performance; die Vorbereitungen dauern etwas l\u00e4nger als erwartet.<\/strong> Informationen zu Auff\u00fchrungsterminen werden bekannt gegeben, sobald die Planungen abgeschlossen sind.<\/p><p data-start=\"257\" data-end=\"455\">Die Arbeit ist eine poetische Performance \u00fcber Atem, Klang und Fragilit\u00e4t. Autobiografisches Erz\u00e4hlen \u00fcber Long Covid verbindet sich mit Geschichten von Walen und der engen Verflechtung zwischen dem \u00d6kosystem des Ozeans und dem menschlichen K\u00f6rper.<\/p><p data-start=\"457\" data-end=\"661\">Eine liegende Vorstellung f\u00fcr Menschen mit chronischen Erkrankungen ist geplant, mit entsprechenden Zug\u00e4nglichkeitsma\u00dfnahmen. Eine Version in Deutscher Geb\u00e4rdensprache (DGS), entwickelt in Zusammenarbeit mit der geh\u00f6rlosen Performancek\u00fcnstlerin Swantje Marks, wird folgen.<\/p><p data-start=\"663\" data-end=\"798\">Erm\u00f6glicht durch ein Recherchestipendium der Berliner Senatsverwaltung f\u00fcr Kultur und Gesellschaftlichen Zusammenhalt im Bereich Darstellende K\u00fcnste\/Tanz.<\/p>\t\t\t\t\t\t\t\t<\/div>\n\t\t\t\t<\/div>\n\t\t\t\t\t<\/div>\n\t\t<\/div>\n\t\t\t\t\t<\/div>\n\t\t<\/section>\n\t\t\t\t<section class=\"elementor-section elementor-top-section elementor-element elementor-element-4d3d5bb elementor-section-height-min-height elementor-section-boxed elementor-section-height-default elementor-section-items-middle\" data-id=\"4d3d5bb\" data-element_type=\"section\">\n\t\t\t\t\t\t<div class=\"elementor-container elementor-column-gap-default\">\n\t\t\t\t\t<div class=\"elementor-column elementor-col-33 elementor-top-column elementor-element elementor-element-e2ad1b9\" data-id=\"e2ad1b9\" data-element_type=\"column\">\n\t\t\t<div class=\"elementor-widget-wrap elementor-element-populated\">\n\t\t\t\t\t\t<div class=\"elementor-element elementor-element-2b377f8 elementor-align-center elementor-widget elementor-widget-button\" data-id=\"2b377f8\" data-element_type=\"widget\" data-widget_type=\"button.default\">\n\t\t\t\t<div class=\"elementor-widget-container\">\n\t\t\t\t\t\t\t\t\t<div class=\"elementor-button-wrapper\">\n\t\t\t\t\t<a class=\"elementor-button elementor-button-link elementor-size-sm elementor-animation-grow\" href=\"http:\/\/www.katinkakraft.com\/de\/storytelling\/\">\n\t\t\t\t\t\t<span class=\"elementor-button-content-wrapper\">\n\t\t\t\t\t\t\t\t\t<span class=\"elementor-button-text\">Storytelling<\/span>\n\t\t\t\t\t<\/span>\n\t\t\t\t\t<\/a>\n\t\t\t\t<\/div>\n\t\t\t\t\t\t\t\t<\/div>\n\t\t\t\t<\/div>\n\t\t\t\t\t<\/div>\n\t\t<\/div>\n\t\t\t\t<div class=\"elementor-column elementor-col-33 elementor-top-column elementor-element elementor-element-abd07da\" data-id=\"abd07da\" data-element_type=\"column\">\n\t\t\t<div class=\"elementor-widget-wrap elementor-element-populated\">\n\t\t\t\t\t\t<div class=\"elementor-element elementor-element-7411390 elementor-align-center elementor-widget elementor-widget-button\" data-id=\"7411390\" data-element_type=\"widget\" data-widget_type=\"button.default\">\n\t\t\t\t<div class=\"elementor-widget-container\">\n\t\t\t\t\t\t\t\t\t<div class=\"elementor-button-wrapper\">\n\t\t\t\t\t<a class=\"elementor-button elementor-button-link elementor-size-sm elementor-animation-grow\" href=\"http:\/\/www.katinkakraft.com\/de\/creative-mentoring\/\">\n\t\t\t\t\t\t<span class=\"elementor-button-content-wrapper\">\n\t\t\t\t\t\t\t\t\t<span class=\"elementor-button-text\">Kreatives Mentorship<\/span>\n\t\t\t\t\t<\/span>\n\t\t\t\t\t<\/a>\n\t\t\t\t<\/div>\n\t\t\t\t\t\t\t\t<\/div>\n\t\t\t\t<\/div>\n\t\t\t\t\t<\/div>\n\t\t<\/div>\n\t\t\t\t<div class=\"elementor-column elementor-col-33 elementor-top-column elementor-element elementor-element-7c01c24\" data-id=\"7c01c24\" data-element_type=\"column\">\n\t\t\t<div class=\"elementor-widget-wrap elementor-element-populated\">\n\t\t\t\t\t\t<div class=\"elementor-element elementor-element-aeea228 elementor-align-center elementor-widget elementor-widget-button\" data-id=\"aeea228\" data-element_type=\"widget\" data-widget_type=\"button.default\">\n\t\t\t\t<div class=\"elementor-widget-container\">\n\t\t\t\t\t\t\t\t\t<div class=\"elementor-button-wrapper\">\n\t\t\t\t\t<a class=\"elementor-button elementor-button-link elementor-size-sm elementor-animation-grow\" href=\"http:\/\/www.katinkakraft.com\/de\/workshops\/\">\n\t\t\t\t\t\t<span class=\"elementor-button-content-wrapper\">\n\t\t\t\t\t\t\t\t\t<span class=\"elementor-button-text\">Workshops<\/span>\n\t\t\t\t\t<\/span>\n\t\t\t\t\t<\/a>\n\t\t\t\t<\/div>\n\t\t\t\t\t\t\t\t<\/div>\n\t\t\t\t<\/div>\n\t\t\t\t\t<\/div>\n\t\t<\/div>\n\t\t\t\t\t<\/div>\n\t\t<\/section>\n\t\t\t\t<\/div>","protected":false},"excerpt":{"rendered":"<p>Events I\u2019m currently creating a new performance; preparations are taking a little longer than expected. Performance details will be announced as soon as plans are confirmed. The piece is a poetic work about breath, sound, and fragility, weaving autobiographical storytelling about Long Covid with stories of whales and the interconnectedness of ocean and human ecosystems. &#8230; <a title=\"Termine\" class=\"read-more\" href=\"http:\/\/www.katinkakraft.com\/de\/events\/\" aria-label=\"Mehr dazu unter Events\">Weiterlesen<\/a><\/p>","protected":false},"author":2,"featured_media":0,"parent":0,"menu_order":0,"comment_status":"closed","ping_status":"closed","template":"","meta":{"footnotes":""},"class_list":["post-866","page","type-page","status-publish"],"yoast_head":"<!-- This site is optimized with the Yoast SEO plugin v26.1.1 - https:\/\/yoast.com\/wordpress\/plugins\/seo\/ -->\n<title>Events - Katinka Kraft<\/title>\n<meta name=\"robots\" content=\"index, follow, max-snippet:-1, max-image-preview:large, max-video-preview:-1\" \/>\n<link rel=\"canonical\" href=\"https:\/\/www.katinkakraft.com\/de\/events\/\" \/>\n<meta property=\"og:locale\" content=\"de_DE\" \/>\n<meta property=\"og:type\" content=\"article\" \/>\n<meta property=\"og:title\" content=\"Events - Katinka Kraft\" \/>\n<meta property=\"og:description\" content=\"Events I\u2019m currently creating a new performance; preparations are taking a little longer than expected. Performance details will be announced as soon as plans are confirmed. The piece is a poetic work about breath, sound, and fragility, weaving autobiographical storytelling about Long Covid with stories of whales and the interconnectedness of ocean and human ecosystems. ... Weiterlesen\" \/>\n<meta property=\"og:url\" content=\"https:\/\/www.katinkakraft.com\/de\/events\/\" \/>\n<meta property=\"og:site_name\" content=\"Katinka Kraft\" \/>\n<meta property=\"article:modified_time\" content=\"2026-01-23T14:57:40+00:00\" \/>\n<meta property=\"og:image\" content=\"https:\/\/www.katinkakraft.com\/wp-content\/uploads\/2025\/10\/ChatGPT-Image-Oct-17-2025-11_26_20-AM.png\" \/>\n<meta name=\"twitter:card\" content=\"summary_large_image\" \/>\n<meta name=\"twitter:label1\" content=\"Gesch\u00e4tzte Lesezeit\" \/>\n\t<meta name=\"twitter:data1\" content=\"1\u00a0Minute\" \/>\n<script type=\"application\/ld+json\" class=\"yoast-schema-graph\">{\"@context\":\"https:\/\/schema.org\",\"@graph\":[{\"@type\":\"WebPage\",\"@id\":\"https:\/\/www.katinkakraft.com\/events\/\",\"url\":\"https:\/\/www.katinkakraft.com\/events\/\",\"name\":\"Events - Katinka Kraft\",\"isPartOf\":{\"@id\":\"https:\/\/www.katinkakraft.com\/de\/#website\"},\"primaryImageOfPage\":{\"@id\":\"https:\/\/www.katinkakraft.com\/events\/#primaryimage\"},\"image\":{\"@id\":\"https:\/\/www.katinkakraft.com\/events\/#primaryimage\"},\"thumbnailUrl\":\"https:\/\/www.katinkakraft.com\/wp-content\/uploads\/2025\/10\/ChatGPT-Image-Oct-17-2025-11_26_20-AM.png\",\"datePublished\":\"2021-01-04T14:01:42+00:00\",\"dateModified\":\"2026-01-23T14:57:40+00:00\",\"breadcrumb\":{\"@id\":\"https:\/\/www.katinkakraft.com\/events\/#breadcrumb\"},\"inLanguage\":\"de\",\"potentialAction\":[{\"@type\":\"ReadAction\",\"target\":[\"https:\/\/www.katinkakraft.com\/events\/\"]}]},{\"@type\":\"ImageObject\",\"inLanguage\":\"de\",\"@id\":\"https:\/\/www.katinkakraft.com\/events\/#primaryimage\",\"url\":\"https:\/\/www.katinkakraft.com\/wp-content\/uploads\/2025\/10\/ChatGPT-Image-Oct-17-2025-11_26_20-AM.png\",\"contentUrl\":\"https:\/\/www.katinkakraft.com\/wp-content\/uploads\/2025\/10\/ChatGPT-Image-Oct-17-2025-11_26_20-AM.png\"},{\"@type\":\"BreadcrumbList\",\"@id\":\"https:\/\/www.katinkakraft.com\/events\/#breadcrumb\",\"itemListElement\":[{\"@type\":\"ListItem\",\"position\":1,\"name\":\"Home\",\"item\":\"https:\/\/www.katinkakraft.com\/de\/\"},{\"@type\":\"ListItem\",\"position\":2,\"name\":\"Events\"}]},{\"@type\":\"WebSite\",\"@id\":\"https:\/\/www.katinkakraft.com\/de\/#website\",\"url\":\"https:\/\/www.katinkakraft.com\/de\/\",\"name\":\"Katinka Kraft\",\"description\":\"storytelling, creative mentoring, workshops\",\"publisher\":{\"@id\":\"https:\/\/www.katinkakraft.com\/de\/#organization\"},\"potentialAction\":[{\"@type\":\"SearchAction\",\"target\":{\"@type\":\"EntryPoint\",\"urlTemplate\":\"https:\/\/www.katinkakraft.com\/de\/?s={search_term_string}\"},\"query-input\":{\"@type\":\"PropertyValueSpecification\",\"valueRequired\":true,\"valueName\":\"search_term_string\"}}],\"inLanguage\":\"de\"},{\"@type\":\"Organization\",\"@id\":\"https:\/\/www.katinkakraft.com\/de\/#organization\",\"name\":\"Katinka Kraft\",\"url\":\"https:\/\/www.katinkakraft.com\/de\/\",\"logo\":{\"@type\":\"ImageObject\",\"inLanguage\":\"de\",\"@id\":\"https:\/\/www.katinkakraft.com\/de\/#\/schema\/logo\/image\/\",\"url\":\"https:\/\/www.katinkakraft.com\/wp-content\/uploads\/2020\/11\/katinkakraft_logo.png\",\"contentUrl\":\"https:\/\/www.katinkakraft.com\/wp-content\/uploads\/2020\/11\/katinkakraft_logo.png\",\"width\":727,\"height\":541,\"caption\":\"Katinka Kraft\"},\"image\":{\"@id\":\"https:\/\/www.katinkakraft.com\/de\/#\/schema\/logo\/image\/\"}}]}<\/script>\n<!-- \/ Yoast SEO plugin. -->","yoast_head_json":{"title":"Events - Katinka Kraft","robots":{"index":"index","follow":"follow","max-snippet":"max-snippet:-1","max-image-preview":"max-image-preview:large","max-video-preview":"max-video-preview:-1"},"canonical":"https:\/\/www.katinkakraft.com\/de\/events\/","og_locale":"de_DE","og_type":"article","og_title":"Events - Katinka Kraft","og_description":"Events I\u2019m currently creating a new performance; preparations are taking a little longer than expected. Performance details will be announced as soon as plans are confirmed. The piece is a poetic work about breath, sound, and fragility, weaving autobiographical storytelling about Long Covid with stories of whales and the interconnectedness of ocean and human ecosystems. ... Weiterlesen","og_url":"https:\/\/www.katinkakraft.com\/de\/events\/","og_site_name":"Katinka Kraft","article_modified_time":"2026-01-23T14:57:40+00:00","og_image":[{"url":"https:\/\/www.katinkakraft.com\/wp-content\/uploads\/2025\/10\/ChatGPT-Image-Oct-17-2025-11_26_20-AM.png","type":"","width":"","height":""}],"twitter_card":"summary_large_image","twitter_misc":{"Gesch\u00e4tzte Lesezeit":"1\u00a0Minute"},"schema":{"@context":"https:\/\/schema.org","@graph":[{"@type":"WebPage","@id":"https:\/\/www.katinkakraft.com\/events\/","url":"https:\/\/www.katinkakraft.com\/events\/","name":"Events - Katinka Kraft","isPartOf":{"@id":"https:\/\/www.katinkakraft.com\/de\/#website"},"primaryImageOfPage":{"@id":"https:\/\/www.katinkakraft.com\/events\/#primaryimage"},"image":{"@id":"https:\/\/www.katinkakraft.com\/events\/#primaryimage"},"thumbnailUrl":"https:\/\/www.katinkakraft.com\/wp-content\/uploads\/2025\/10\/ChatGPT-Image-Oct-17-2025-11_26_20-AM.png","datePublished":"2021-01-04T14:01:42+00:00","dateModified":"2026-01-23T14:57:40+00:00","breadcrumb":{"@id":"https:\/\/www.katinkakraft.com\/events\/#breadcrumb"},"inLanguage":"de","potentialAction":[{"@type":"ReadAction","target":["https:\/\/www.katinkakraft.com\/events\/"]}]},{"@type":"ImageObject","inLanguage":"de","@id":"https:\/\/www.katinkakraft.com\/events\/#primaryimage","url":"https:\/\/www.katinkakraft.com\/wp-content\/uploads\/2025\/10\/ChatGPT-Image-Oct-17-2025-11_26_20-AM.png","contentUrl":"https:\/\/www.katinkakraft.com\/wp-content\/uploads\/2025\/10\/ChatGPT-Image-Oct-17-2025-11_26_20-AM.png"},{"@type":"BreadcrumbList","@id":"https:\/\/www.katinkakraft.com\/events\/#breadcrumb","itemListElement":[{"@type":"ListItem","position":1,"name":"Home","item":"https:\/\/www.katinkakraft.com\/de\/"},{"@type":"ListItem","position":2,"name":"Events"}]},{"@type":"WebSite","@id":"https:\/\/www.katinkakraft.com\/de\/#website","url":"https:\/\/www.katinkakraft.com\/de\/","name":"Katinka Kraft","description":"storytelling, creative mentoring, workshops","publisher":{"@id":"https:\/\/www.katinkakraft.com\/de\/#organization"},"potentialAction":[{"@type":"SearchAction","target":{"@type":"EntryPoint","urlTemplate":"https:\/\/www.katinkakraft.com\/de\/?s={search_term_string}"},"query-input":{"@type":"PropertyValueSpecification","valueRequired":true,"valueName":"search_term_string"}}],"inLanguage":"de"},{"@type":"Organization","@id":"https:\/\/www.katinkakraft.com\/de\/#organization","name":"Katinka Kraft","url":"https:\/\/www.katinkakraft.com\/de\/","logo":{"@type":"ImageObject","inLanguage":"de","@id":"https:\/\/www.katinkakraft.com\/de\/#\/schema\/logo\/image\/","url":"https:\/\/www.katinkakraft.com\/wp-content\/uploads\/2020\/11\/katinkakraft_logo.png","contentUrl":"https:\/\/www.katinkakraft.com\/wp-content\/uploads\/2020\/11\/katinkakraft_logo.png","width":727,"height":541,"caption":"Katinka Kraft"},"image":{"@id":"https:\/\/www.katinkakraft.com\/de\/#\/schema\/logo\/image\/"}}]}},"_links":{"self":[{"href":"http:\/\/www.katinkakraft.com\/de\/wp-json\/wp\/v2\/pages\/866","targetHints":{"allow":["GET"]}}],"collection":[{"href":"http:\/\/www.katinkakraft.com\/de\/wp-json\/wp\/v2\/pages"}],"about":[{"href":"http:\/\/www.katinkakraft.com\/de\/wp-json\/wp\/v2\/types\/page"}],"author":[{"embeddable":true,"href":"http:\/\/www.katinkakraft.com\/de\/wp-json\/wp\/v2\/users\/2"}],"replies":[{"embeddable":true,"href":"http:\/\/www.katinkakraft.com\/de\/wp-json\/wp\/v2\/comments?post=866"}],"version-history":[{"count":370,"href":"http:\/\/www.katinkakraft.com\/de\/wp-json\/wp\/v2\/pages\/866\/revisions"}],"predecessor-version":[{"id":5583,"href":"http:\/\/www.katinkakraft.com\/de\/wp-json\/wp\/v2\/pages\/866\/revisions\/5583"}],"wp:attachment":[{"href":"http:\/\/www.katinkakraft.com\/de\/wp-json\/wp\/v2\/media?parent=866"}],"curies":[{"name":"wp","href":"https:\/\/api.w.org\/{rel}","templated":true}]}}