{"id":881,"date":"2021-01-06T09:12:10","date_gmt":"2021-01-06T09:12:10","guid":{"rendered":"http:\/\/www.katinkakraft.com\/?page_id=881"},"modified":"2024-03-19T01:28:03","modified_gmt":"2024-03-19T01:28:03","slug":"impressum","status":"publish","type":"page","link":"http:\/\/www.katinkakraft.com\/de\/impressum\/","title":{"rendered":"Impressum"},"content":{"rendered":"<div data-elementor-type=\"wp-post\" data-elementor-id=\"881\" class=\"elementor elementor-881\" data-elementor-post-type=\"page\">\n\t\t\t\t\t\t<section class=\"elementor-section elementor-top-section elementor-element elementor-element-3b33ae1 elementor-section-full_width elementor-section-height-min-height elementor-section-content-middle elementor-section-stretched elementor-section-height-default elementor-section-items-middle\" data-id=\"3b33ae1\" data-element_type=\"section\" data-settings=\"{&quot;stretch_section&quot;:&quot;section-stretched&quot;,&quot;background_background&quot;:&quot;classic&quot;}\">\n\t\t\t\t\t\t<div class=\"elementor-container elementor-column-gap-wider\">\n\t\t\t\t\t<div class=\"elementor-column elementor-col-100 elementor-top-column elementor-element elementor-element-1ebef24\" data-id=\"1ebef24\" data-element_type=\"column\" data-settings=\"{&quot;background_background&quot;:&quot;classic&quot;}\">\n\t\t\t<div class=\"elementor-widget-wrap elementor-element-populated\">\n\t\t\t\t\t\t\t<\/div>\n\t\t<\/div>\n\t\t\t\t\t<\/div>\n\t\t<\/section>\n\t\t\t\t<section class=\"elementor-section elementor-top-section elementor-element elementor-element-15cd680 elementor-section-boxed elementor-section-height-default elementor-section-height-default\" data-id=\"15cd680\" data-element_type=\"section\">\n\t\t\t\t\t\t<div class=\"elementor-container elementor-column-gap-default\">\n\t\t\t\t\t<div class=\"elementor-column elementor-col-100 elementor-top-column elementor-element elementor-element-3ad1802\" data-id=\"3ad1802\" data-element_type=\"column\">\n\t\t\t<div class=\"elementor-widget-wrap elementor-element-populated\">\n\t\t\t\t\t\t<div class=\"elementor-element elementor-element-2ead021 elementor-widget elementor-widget-spacer\" data-id=\"2ead021\" data-element_type=\"widget\" data-widget_type=\"spacer.default\">\n\t\t\t\t<div class=\"elementor-widget-container\">\n\t\t\t\t\t\t\t<div class=\"elementor-spacer\">\n\t\t\t<div class=\"elementor-spacer-inner\"><\/div>\n\t\t<\/div>\n\t\t\t\t\t\t<\/div>\n\t\t\t\t<\/div>\n\t\t\t\t\t<\/div>\n\t\t<\/div>\n\t\t\t\t\t<\/div>\n\t\t<\/section>\n\t\t\t\t<section class=\"elementor-section elementor-top-section elementor-element elementor-element-96ce35d elementor-section-boxed elementor-section-height-default elementor-section-height-default\" data-id=\"96ce35d\" data-element_type=\"section\">\n\t\t\t\t\t\t<div class=\"elementor-container elementor-column-gap-default\">\n\t\t\t\t\t<div class=\"elementor-column elementor-col-100 elementor-top-column elementor-element elementor-element-54851c2\" data-id=\"54851c2\" data-element_type=\"column\">\n\t\t\t<div class=\"elementor-widget-wrap elementor-element-populated\">\n\t\t\t\t\t\t<div class=\"elementor-element elementor-element-b9dcfbb elementor-widget elementor-widget-text-editor\" data-id=\"b9dcfbb\" data-element_type=\"widget\" data-widget_type=\"text-editor.default\">\n\t\t\t\t<div class=\"elementor-widget-container\">\n\t\t\t\t\t\t\t\t\t<h2>Impressum<\/h2>\t\t\t\t\t\t\t\t<\/div>\n\t\t\t\t<\/div>\n\t\t\t\t\t<\/div>\n\t\t<\/div>\n\t\t\t\t\t<\/div>\n\t\t<\/section>\n\t\t\t\t<section class=\"elementor-section elementor-top-section elementor-element elementor-element-b1e6ee5 elementor-section-boxed elementor-section-height-default elementor-section-height-default\" data-id=\"b1e6ee5\" data-element_type=\"section\">\n\t\t\t\t\t\t<div class=\"elementor-container elementor-column-gap-default\">\n\t\t\t\t\t<div class=\"elementor-column elementor-col-100 elementor-top-column elementor-element elementor-element-cfb1324\" data-id=\"cfb1324\" data-element_type=\"column\">\n\t\t\t<div class=\"elementor-widget-wrap elementor-element-populated\">\n\t\t\t\t\t\t<div class=\"elementor-element elementor-element-7d5bde3 elementor-widget elementor-widget-text-editor\" data-id=\"7d5bde3\" data-element_type=\"widget\" data-widget_type=\"text-editor.default\">\n\t\t\t\t<div class=\"elementor-widget-container\">\n\t\t\t\t\t\t\t\t\t<div class=\"main-content\" data-content-field=\"main-content\"><div id=\"page-539b91a0e4b04f35da1747ff\" class=\"sqs-layout sqs-grid-12 columns-12\" data-type=\"page\" data-updated-on=\"1591633009739\"><div class=\"row sqs-row\"><div class=\"col sqs-col-12 span-12\"><p><strong>Pflichtangaben nach \u00a7 5 Abs. 1 Telemediengesetz (TMG) und \u00a7 2 Abs. 1 DL-InfoV\u2028<\/strong><\/p><p class=\"translation-block\">Katinka Kraft\n\u2028E-Mail: mail [at] katinkakraft [dot] com - (ersetze die eckigen Klammern durch die \"normalen\" Zeichen in der E-Mail - die Schreibweise soll Spam verhindern)<\/p><p class=\"translation-block\"><strong>Web Design: <\/strong> Zanko Loreck<br><strong>\n\u2028Logo: <\/strong>Zanko Loreck<br><strong>\nFotografie: <\/strong>Stefanie Lahya Aukongo, Katti Jisuk Seo, und Awa Faridah Ndiaye<br><strong>\nAlle Texte geschrieben von:<\/strong>  Katinka Kraft<\/p><p>\u00a0<\/p><p><strong>COPYRIGHT<\/strong><\/p><p>\u00a9 2021 - alle Fotos, Videos, Grafiken, Logos und andere Teile dieser Website unterliegen dem Urheberrecht der Fotografen, Illustratoren, Autoren und Sch\u00f6pfer. Die Verwendung ist nur mit vorheriger schriftlicher Genehmigung erlaubt.<\/p><p>\u00a9 2021 - alle Fotos, Videos, Grafiken, Logos und andere Teile dieser Website unterliegen dem Urheberrecht und d\u00fcrfen ohne schriftliche pers\u00f6nliche Genehmigung der jeweiligen Fotografen, Illustratoren, Autoren oder Ersteller in keiner Weise vervielf\u00e4ltigt werden.<\/p><p>Die durch die Seitenbetreiber erstellten Inhalte und Werke auf diesen Seiten unterliegen dem deutschen Urheberrecht. Die Vervielf\u00e4ltigung, Bearbeitung, Verbreitung und jede Art der Verwertung au\u00dferhalb der Grenzen des Urheberrechtes bed\u00fcrfen der vorherigen schriftlichen Zustimmung des jeweiligen Autors bzw. Erstellers. Downloads und Kopien dieser Seite sind nur f\u00fcr den privaten, nicht kommerziellen Gebrauch gestattet. Soweit die Inhalte auf dieser Seite nicht vom Betreiber erstellt wurden, werden die Urheberrechte Dritter beachtet. Insbesondere werden Inhalte Dritter als solche gekennzeichnet. Sollten Sie trotzdem auf eine Urheberrechtsverletzung aufmerksam werden, bitten wir um einen entsprechenden Hinweis. Bei Bekanntwerden von Rechtsverletzungen werden wir derartige Inhalte umgehend entfernen.\u2028<\/p><p><strong>HAFTUNGSAUSSCHLUSS<br \/><\/strong><br \/><strong>Haftung f\u00fcr Inhalte\u2028<\/strong><br \/>Die Inhalte unserer Seiten wurden mit gr\u00f6\u00dftm\u00f6glicher Sorgfalt erstellt. Dennoch k\u00f6nnen wir keine Gew\u00e4hr f\u00fcr die Richtigkeit, Vollst\u00e4ndigkeit und Aktualit\u00e4t der Inhalte \u00fcbernehmen. Als Diensteanbieter sind wir gem\u00e4\u00df \u00a7 7 Abs.1 TMG f\u00fcr eigene Inhalte auf diesen Seiten nach den allgemeinen Gesetzen verantwortlich. Nach \u00a7\u00a7 8 bis 10 TMG sind wir als Diensteanbieter jedoch nicht verpflichtet, \u00fcbermittelte oder gespeicherte fremde Informationen zu \u00fcberwachen oder nach Umst\u00e4nden zu forschen, die auf eine rechtswidrige T\u00e4tigkeit hinweisen. Verpflichtungen zur Entfernung oder Sperrung der Nutzung von Informationen nach den allgemeinen Gesetzen bleiben hiervon unber\u00fchrt. Eine diesbez\u00fcgliche Haftung ist jedoch erst ab dem Zeitpunkt der Kenntnis einer konkreten Rechtsverletzung m\u00f6glich. Bei Bekanntwerden von entsprechenden Rechtsverletzungen werden wir diese Inhalte umgehend entfernen.<\/p><p><strong>Haftung f\u00fcr Links\u2028<\/strong><br \/>Unser Angebot enth\u00e4lt Links zu externen Webseiten Dritter, auf deren Inhalte wir keinen Einfluss haben. Deshalb k\u00f6nnen wir f\u00fcr diese fremden Inhalte auch keine Gew\u00e4hr \u00fcbernehmen. F\u00fcr die Inhalte der verlinkten Seiten ist stets der jeweilige Anbieter oder Betreiber der Seiten verantwortlich. Die verlinkten Seiten wurden zum Zeitpunkt der Verlinkung auf m\u00f6gliche Rechtsverst\u00f6\u00dfe \u00fcberpr\u00fcft. Rechtswidrige Inhalte waren zum Zeitpunkt der Verlinkung nicht erkennbar. Eine permanente inhaltliche Kontrolle der verlinkten Seiten ist jedoch ohne konkrete Anhaltspunkte einer Rechtsverletzung nicht zumutbar. Bei Bekanntwerden von Rechtsverletzungen werden wir derartige Links umgehend entfernen.\u2028\u2028<\/p><p><strong>E-Mail-Kommunikation\u2028<\/strong>\u2028<br \/>Wenn du uns E-Mails schicken m\u00f6chtest, kannst du das gerne \u00fcber die angegebene E-Mail-Adresse tun. Bitte beachte jedoch, dass unverschl\u00fcsselte E-Mails, die \u00fcber das Internet verschickt werden, w\u00e4hrend des Transports nicht ausreichend gegen den unbefugten Zugriff durch Dritte gesch\u00fctzt sind. Ein vollst\u00e4ndiger Schutz der Daten vor dem Zugriff durch Dritte ist nicht m\u00f6glich. Mein Kontaktformular ist jedoch verschl\u00fcsselt. Weitere Informationen findest du in meiner Datenschutzrichtlinie.<\/p><\/div><\/div><\/div><\/div>\t\t\t\t\t\t\t\t<\/div>\n\t\t\t\t<\/div>\n\t\t\t\t<div class=\"elementor-element elementor-element-357c903 elementor-widget elementor-widget-spacer\" data-id=\"357c903\" data-element_type=\"widget\" data-widget_type=\"spacer.default\">\n\t\t\t\t<div class=\"elementor-widget-container\">\n\t\t\t\t\t\t\t<div class=\"elementor-spacer\">\n\t\t\t<div class=\"elementor-spacer-inner\"><\/div>\n\t\t<\/div>\n\t\t\t\t\t\t<\/div>\n\t\t\t\t<\/div>\n\t\t\t\t\t<\/div>\n\t\t<\/div>\n\t\t\t\t\t<\/div>\n\t\t<\/section>\n\t\t\t\t<\/div>","protected":false},"excerpt":{"rendered":"<p>Impressum Mandatory information according to \u00a7 5 Abs. 1 Telemediengesetz (TMG) and \u00a7 2 Abs. 1 DL-InfoV\u2028 Katinka Kraft\u2028E-Mail: mail [at] katinkakraft [dot] com &#8211; (replace the square brackets with the &#8220;normal&#8221; characters in the e-mail &#8211; the spelling is to prevent spam) Web Design: Zanko Loreck\u2028Logo: Zanko LoreckPhotography: Stefanie Lahya Aukongo, Katti Jisuk Seo, &#8230; <a title=\"Impressum\" class=\"read-more\" href=\"http:\/\/www.katinkakraft.com\/de\/impressum\/\" aria-label=\"Mehr dazu unter Impressum\">Weiterlesen<\/a><\/p>","protected":false},"author":2,"featured_media":0,"parent":0,"menu_order":0,"comment_status":"closed","ping_status":"closed","template":"","meta":{"footnotes":""},"class_list":["post-881","page","type-page","status-publish"],"yoast_head":"<!-- This site is optimized with the Yoast SEO plugin v26.1.1 - https:\/\/yoast.com\/wordpress\/plugins\/seo\/ -->\n<title>Impressum - Katinka Kraft<\/title>\n<meta name=\"robots\" content=\"index, follow, max-snippet:-1, max-image-preview:large, max-video-preview:-1\" \/>\n<link rel=\"canonical\" href=\"https:\/\/www.katinkakraft.com\/de\/impressum\/\" \/>\n<meta property=\"og:locale\" content=\"de_DE\" \/>\n<meta property=\"og:type\" content=\"article\" \/>\n<meta property=\"og:title\" content=\"Impressum - Katinka Kraft\" \/>\n<meta property=\"og:description\" content=\"Impressum Mandatory information according to \u00a7 5 Abs. 1 Telemediengesetz (TMG) and \u00a7 2 Abs. 1 DL-InfoV\u2028 Katinka Kraft\u2028E-Mail: mail [at] katinkakraft [dot] com &#8211; (replace the square brackets with the &#8220;normal&#8221; characters in the e-mail &#8211; the spelling is to prevent spam) Web Design: Zanko Loreck\u2028Logo: Zanko LoreckPhotography: Stefanie Lahya Aukongo, Katti Jisuk Seo, ... Weiterlesen\" \/>\n<meta property=\"og:url\" content=\"https:\/\/www.katinkakraft.com\/de\/impressum\/\" \/>\n<meta property=\"og:site_name\" content=\"Katinka Kraft\" \/>\n<meta property=\"article:modified_time\" content=\"2024-03-19T01:28:03+00:00\" \/>\n<meta name=\"twitter:card\" content=\"summary_large_image\" \/>\n<meta name=\"twitter:label1\" content=\"Gesch\u00e4tzte Lesezeit\" \/>\n\t<meta name=\"twitter:data1\" content=\"3\u00a0Minuten\" \/>\n<script type=\"application\/ld+json\" class=\"yoast-schema-graph\">{\"@context\":\"https:\/\/schema.org\",\"@graph\":[{\"@type\":\"WebPage\",\"@id\":\"https:\/\/www.katinkakraft.com\/de\/impressum\/\",\"url\":\"https:\/\/www.katinkakraft.com\/de\/impressum\/\",\"name\":\"Impressum - Katinka Kraft\",\"isPartOf\":{\"@id\":\"https:\/\/www.katinkakraft.com\/#website\"},\"datePublished\":\"2021-01-06T09:12:10+00:00\",\"dateModified\":\"2024-03-19T01:28:03+00:00\",\"breadcrumb\":{\"@id\":\"https:\/\/www.katinkakraft.com\/de\/impressum\/#breadcrumb\"},\"inLanguage\":\"de\",\"potentialAction\":[{\"@type\":\"ReadAction\",\"target\":[\"https:\/\/www.katinkakraft.com\/de\/impressum\/\"]}]},{\"@type\":\"BreadcrumbList\",\"@id\":\"https:\/\/www.katinkakraft.com\/de\/impressum\/#breadcrumb\",\"itemListElement\":[{\"@type\":\"ListItem\",\"position\":1,\"name\":\"Home\",\"item\":\"https:\/\/www.katinkakraft.com\/\"},{\"@type\":\"ListItem\",\"position\":2,\"name\":\"Impressum\"}]},{\"@type\":\"WebSite\",\"@id\":\"https:\/\/www.katinkakraft.com\/#website\",\"url\":\"https:\/\/www.katinkakraft.com\/\",\"name\":\"Katinka Kraft\",\"description\":\"storytelling, creative mentoring, workshops\",\"publisher\":{\"@id\":\"https:\/\/www.katinkakraft.com\/#organization\"},\"potentialAction\":[{\"@type\":\"SearchAction\",\"target\":{\"@type\":\"EntryPoint\",\"urlTemplate\":\"https:\/\/www.katinkakraft.com\/?s={search_term_string}\"},\"query-input\":{\"@type\":\"PropertyValueSpecification\",\"valueRequired\":true,\"valueName\":\"search_term_string\"}}],\"inLanguage\":\"de\"},{\"@type\":\"Organization\",\"@id\":\"https:\/\/www.katinkakraft.com\/#organization\",\"name\":\"Katinka Kraft\",\"url\":\"https:\/\/www.katinkakraft.com\/\",\"logo\":{\"@type\":\"ImageObject\",\"inLanguage\":\"de\",\"@id\":\"https:\/\/www.katinkakraft.com\/#\/schema\/logo\/image\/\",\"url\":\"https:\/\/www.katinkakraft.com\/wp-content\/uploads\/2020\/11\/katinkakraft_logo.png\",\"contentUrl\":\"https:\/\/www.katinkakraft.com\/wp-content\/uploads\/2020\/11\/katinkakraft_logo.png\",\"width\":727,\"height\":541,\"caption\":\"Katinka Kraft\"},\"image\":{\"@id\":\"https:\/\/www.katinkakraft.com\/#\/schema\/logo\/image\/\"}}]}<\/script>\n<!-- \/ Yoast SEO plugin. -->","yoast_head_json":{"title":"Impressum - Katinka Kraft","robots":{"index":"index","follow":"follow","max-snippet":"max-snippet:-1","max-image-preview":"max-image-preview:large","max-video-preview":"max-video-preview:-1"},"canonical":"https:\/\/www.katinkakraft.com\/de\/impressum\/","og_locale":"de_DE","og_type":"article","og_title":"Impressum - Katinka Kraft","og_description":"Impressum Mandatory information according to \u00a7 5 Abs. 1 Telemediengesetz (TMG) and \u00a7 2 Abs. 1 DL-InfoV\u2028 Katinka Kraft\u2028E-Mail: mail [at] katinkakraft [dot] com &#8211; (replace the square brackets with the &#8220;normal&#8221; characters in the e-mail &#8211; the spelling is to prevent spam) Web Design: Zanko Loreck\u2028Logo: Zanko LoreckPhotography: Stefanie Lahya Aukongo, Katti Jisuk Seo, ... Weiterlesen","og_url":"https:\/\/www.katinkakraft.com\/de\/impressum\/","og_site_name":"Katinka Kraft","article_modified_time":"2024-03-19T01:28:03+00:00","twitter_card":"summary_large_image","twitter_misc":{"Gesch\u00e4tzte Lesezeit":"3\u00a0Minuten"},"schema":{"@context":"https:\/\/schema.org","@graph":[{"@type":"WebPage","@id":"https:\/\/www.katinkakraft.com\/de\/impressum\/","url":"https:\/\/www.katinkakraft.com\/de\/impressum\/","name":"Impressum - Katinka Kraft","isPartOf":{"@id":"https:\/\/www.katinkakraft.com\/#website"},"datePublished":"2021-01-06T09:12:10+00:00","dateModified":"2024-03-19T01:28:03+00:00","breadcrumb":{"@id":"https:\/\/www.katinkakraft.com\/de\/impressum\/#breadcrumb"},"inLanguage":"de","potentialAction":[{"@type":"ReadAction","target":["https:\/\/www.katinkakraft.com\/de\/impressum\/"]}]},{"@type":"BreadcrumbList","@id":"https:\/\/www.katinkakraft.com\/de\/impressum\/#breadcrumb","itemListElement":[{"@type":"ListItem","position":1,"name":"Home","item":"https:\/\/www.katinkakraft.com\/"},{"@type":"ListItem","position":2,"name":"Impressum"}]},{"@type":"WebSite","@id":"https:\/\/www.katinkakraft.com\/#website","url":"https:\/\/www.katinkakraft.com\/","name":"Katinka Kraft","description":"storytelling, creative mentoring, workshops","publisher":{"@id":"https:\/\/www.katinkakraft.com\/#organization"},"potentialAction":[{"@type":"SearchAction","target":{"@type":"EntryPoint","urlTemplate":"https:\/\/www.katinkakraft.com\/?s={search_term_string}"},"query-input":{"@type":"PropertyValueSpecification","valueRequired":true,"valueName":"search_term_string"}}],"inLanguage":"de"},{"@type":"Organization","@id":"https:\/\/www.katinkakraft.com\/#organization","name":"Katinka Kraft","url":"https:\/\/www.katinkakraft.com\/","logo":{"@type":"ImageObject","inLanguage":"de","@id":"https:\/\/www.katinkakraft.com\/#\/schema\/logo\/image\/","url":"https:\/\/www.katinkakraft.com\/wp-content\/uploads\/2020\/11\/katinkakraft_logo.png","contentUrl":"https:\/\/www.katinkakraft.com\/wp-content\/uploads\/2020\/11\/katinkakraft_logo.png","width":727,"height":541,"caption":"Katinka Kraft"},"image":{"@id":"https:\/\/www.katinkakraft.com\/#\/schema\/logo\/image\/"}}]}},"_links":{"self":[{"href":"http:\/\/www.katinkakraft.com\/de\/wp-json\/wp\/v2\/pages\/881","targetHints":{"allow":["GET"]}}],"collection":[{"href":"http:\/\/www.katinkakraft.com\/de\/wp-json\/wp\/v2\/pages"}],"about":[{"href":"http:\/\/www.katinkakraft.com\/de\/wp-json\/wp\/v2\/types\/page"}],"author":[{"embeddable":true,"href":"http:\/\/www.katinkakraft.com\/de\/wp-json\/wp\/v2\/users\/2"}],"replies":[{"embeddable":true,"href":"http:\/\/www.katinkakraft.com\/de\/wp-json\/wp\/v2\/comments?post=881"}],"version-history":[{"count":44,"href":"http:\/\/www.katinkakraft.com\/de\/wp-json\/wp\/v2\/pages\/881\/revisions"}],"predecessor-version":[{"id":5222,"href":"http:\/\/www.katinkakraft.com\/de\/wp-json\/wp\/v2\/pages\/881\/revisions\/5222"}],"wp:attachment":[{"href":"http:\/\/www.katinkakraft.com\/de\/wp-json\/wp\/v2\/media?parent=881"}],"curies":[{"name":"wp","href":"https:\/\/api.w.org\/{rel}","templated":true}]}}