{"id":5528,"date":"2025-11-18T05:57:47","date_gmt":"2025-11-18T05:57:47","guid":{"rendered":"https:\/\/www.katinkakraft.com\/?page_id=5528"},"modified":"2026-02-05T08:46:26","modified_gmt":"2026-02-05T08:46:26","slug":"grew-out-of-the-forest-copy","status":"publish","type":"page","link":"https:\/\/www.katinkakraft.com\/de\/grew-out-of-the-forest-copy\/","title":{"rendered":"when whales breathe, we remember"},"content":{"rendered":"<div data-elementor-type=\"wp-page\" data-elementor-id=\"5528\" class=\"elementor elementor-5528\" data-elementor-post-type=\"page\">\n\t\t\t\t\t\t<section class=\"elementor-section elementor-top-section elementor-element elementor-element-1ea4b6d elementor-section-boxed elementor-section-height-default elementor-section-height-default\" data-id=\"1ea4b6d\" data-element_type=\"section\">\n\t\t\t\t\t\t<div class=\"elementor-container elementor-column-gap-default\">\n\t\t\t\t\t<div class=\"elementor-column elementor-col-100 elementor-top-column elementor-element elementor-element-08a9009\" data-id=\"08a9009\" data-element_type=\"column\">\n\t\t\t<div class=\"elementor-widget-wrap\">\n\t\t\t\t\t\t\t<\/div>\n\t\t<\/div>\n\t\t\t\t\t<\/div>\n\t\t<\/section>\n\t\t\t\t<section class=\"elementor-section elementor-top-section elementor-element elementor-element-2e05607 elementor-section-boxed elementor-section-height-default elementor-section-height-default\" data-id=\"2e05607\" data-element_type=\"section\">\n\t\t\t\t\t\t<div class=\"elementor-container elementor-column-gap-default\">\n\t\t\t\t\t<div class=\"elementor-column elementor-col-100 elementor-top-column elementor-element elementor-element-fdce6d3\" data-id=\"fdce6d3\" data-element_type=\"column\">\n\t\t\t<div class=\"elementor-widget-wrap\">\n\t\t\t\t\t\t\t<\/div>\n\t\t<\/div>\n\t\t\t\t\t<\/div>\n\t\t<\/section>\n\t\t\t\t<section class=\"elementor-section elementor-top-section elementor-element elementor-element-8794b32 elementor-section-boxed elementor-section-height-default elementor-section-height-default\" data-id=\"8794b32\" data-element_type=\"section\">\n\t\t\t\t\t\t<div class=\"elementor-container elementor-column-gap-default\">\n\t\t\t\t\t<div class=\"elementor-column elementor-col-100 elementor-top-column elementor-element elementor-element-92db3a0\" data-id=\"92db3a0\" data-element_type=\"column\">\n\t\t\t<div class=\"elementor-widget-wrap elementor-element-populated\">\n\t\t\t\t\t\t<div class=\"elementor-element elementor-element-96945aa elementor-widget elementor-widget-heading\" data-id=\"96945aa\" data-element_type=\"widget\" data-widget_type=\"heading.default\">\n\t\t\t\t<div class=\"elementor-widget-container\">\n\t\t\t\t\t<h2 class=\"elementor-heading-title elementor-size-default\">When Whales Breathe, We Remember (working title)<\/h2>\t\t\t\t<\/div>\n\t\t\t\t<\/div>\n\t\t\t\t\t<\/div>\n\t\t<\/div>\n\t\t\t\t\t<\/div>\n\t\t<\/section>\n\t\t\t\t<section class=\"elementor-section elementor-top-section elementor-element elementor-element-5f9832c elementor-section-boxed elementor-section-height-default elementor-section-height-default\" data-id=\"5f9832c\" data-element_type=\"section\">\n\t\t\t\t\t\t<div class=\"elementor-container elementor-column-gap-default\">\n\t\t\t\t\t<div class=\"elementor-column elementor-col-100 elementor-top-column elementor-element elementor-element-f40464d\" data-id=\"f40464d\" data-element_type=\"column\">\n\t\t\t<div class=\"elementor-widget-wrap\">\n\t\t\t\t\t\t\t<\/div>\n\t\t<\/div>\n\t\t\t\t\t<\/div>\n\t\t<\/section>\n\t\t\t\t<section class=\"elementor-section elementor-top-section elementor-element elementor-element-e4df84c elementor-section-boxed elementor-section-height-default elementor-section-height-default\" data-id=\"e4df84c\" data-element_type=\"section\">\n\t\t\t\t\t\t<div class=\"elementor-container elementor-column-gap-default\">\n\t\t\t\t\t<div class=\"elementor-column elementor-col-50 elementor-top-column elementor-element elementor-element-b0465ae\" data-id=\"b0465ae\" data-element_type=\"column\">\n\t\t\t<div class=\"elementor-widget-wrap elementor-element-populated\">\n\t\t\t\t\t\t<div class=\"elementor-element elementor-element-06c5839 elementor-widget elementor-widget-text-editor\" data-id=\"06c5839\" data-element_type=\"widget\" data-widget_type=\"text-editor.default\">\n\t\t\t\t<div class=\"elementor-widget-container\">\n\t\t\t\t\t\t\t\t\t<p data-start=\"168\" data-end=\"507\">Ausgehend von meinen eigenen Erfahrungen mit Long Covid erforscht diese Performance die fragile Verbindung zwischen dem menschlichen Atem, neurologischer Sensibilit\u00e4t und den akustischen Lebenswelten der Wale. Sie \u00fcbersetzt unsichtbare Erfahrungen von Krankheit und \u00f6kologischer Belastung in gemeinsame sinnliche und emotionale Begegnungen \u2013 durch Storytelling, Musik und Stille.<\/p><p data-start=\"509\" data-end=\"1226\">Die Performance bewegt sich durch ineinanderflie\u00dfende Welten: das vibrierende, vom Kommen und Gehen des Wassers geformte Leben eines Gezeitenbeckens \u2013 wo Einsiedlerkrebse in gefundenen Muscheln ihre wandernden Heimaten bauen, pink gl\u00fchende Seesterne an rauen Felskanten festhalten und ein Grauwal still am Strand liegt. Gleichzeitig er\u00f6ffnet sie die innere Landschaft einer jungen Frau in Berlin, die mit Long Covid lebt.\n\nEine seit Tausenden von Jahren \u00fcberlieferte Geschichte \u2013 von einem Raben, der versucht, seinen Walfreund zur\u00fcck ins Meer zu f\u00fchren \u2013 wird zu einem mythischen Rahmen f\u00fcr ihren eigenen Kampf um Atem, Gleichgewicht und Orientierung. W\u00e4hrend die Klanglandschaft der Stadt unertr\u00e4glich wird, schrumpft ihre Welt zu abgedunkelten R\u00e4umen, die die Desorientierung, \u00dcberforderung und sensorische Zerbrechlichkeit widerspiegeln, die auch Meeress\u00e4uger erleben, wenn sie sich in einem zunehmend lauter werdenden Ozean zurechtfinden m\u00fcssen.<\/p><p data-start=\"1228\" data-end=\"1685\">Die Arbeit entstand im Rahmen eines Recherchestipendiums der Senatsverwaltung f\u00fcr Kultur und Gesellschaftlichen Zusammenhalt im Jahr 2024, mit Feldforschung auf La Gomera (Spanien) zusammen mit <a href=\"https:\/\/whalewatching-gomera.com\/en\/\" target=\"_blank\" rel=\"noopener\">Oceano<\/a>einer verantwortungsvoll arbeitenden Organisation f\u00fcr Whale-Watching und Meeresbildung, die mit <a href=\"https:\/\/m-e-e-r.de\/\" target=\"_blank\" rel=\"noopener\">M.E.E.R. e.V.<\/a> an langfristigen Forschungen zu Meeress\u00e4ugern zusammenarbeitet. Zus\u00e4tzliche Interviews mit Wissenschaftler*innen, lokalen Gemeinschaften und Menschen, die in Berlin mit Long Covid leben, offenbarten parallele Herausforderungen im Umgang mit Klang, Desorientierung und der Suche nach Koh\u00e4renz.<\/p><p data-start=\"1687\" data-end=\"1877\">Autobiografisches Storytelling, live entstehende Stimmkompositionen und die traditionelle Erz\u00e4hlung vom Raben und dem Wal verweben sich zu der Frage, wie F\u00fcrsorge und Orientierung wiedergefunden werden k\u00f6nnen, wenn der Rhythmus verloren gegangen ist.<\/p><p data-start=\"1879\" data-end=\"2365\">An excerpt was presented at the Feuerspuren Storytelling Festival in Bremen. The full-length premiere will be announced soon. It will include accessible formats such as\u00a0 a low-stimulation \u201clying-down performance\u201d in a darkened, quiet space for those who need to attend in a reclined position. Updated information will be available <a href=\"https:\/\/www.katinkakraft.com\/de\/events\/\">hier.<\/a><\/p>\t\t\t\t\t\t\t\t<\/div>\n\t\t\t\t<\/div>\n\t\t\t\t\t<\/div>\n\t\t<\/div>\n\t\t\t\t<div class=\"elementor-column elementor-col-50 elementor-top-column elementor-element elementor-element-2bcd9da\" data-id=\"2bcd9da\" data-element_type=\"column\">\n\t\t\t<div class=\"elementor-widget-wrap elementor-element-populated\">\n\t\t\t\t\t\t<div class=\"elementor-element elementor-element-6d44314 elementor-widget elementor-widget-image\" data-id=\"6d44314\" data-element_type=\"widget\" data-widget_type=\"image.default\">\n\t\t\t\t<div class=\"elementor-widget-container\">\n\t\t\t\t\t\t\t\t\t\t\t\t\t\t\t<img fetchpriority=\"high\" decoding=\"async\" width=\"683\" height=\"1024\" src=\"https:\/\/www.katinkakraft.com\/wp-content\/uploads\/2025\/10\/ChatGPT-Image-Oct-17-2025-11_26_20-AM-683x1024.png\" class=\"attachment-large size-large wp-image-5463\" alt=\"\" srcset=\"https:\/\/www.katinkakraft.com\/wp-content\/uploads\/2025\/10\/ChatGPT-Image-Oct-17-2025-11_26_20-AM-683x1024.png 683w, https:\/\/www.katinkakraft.com\/wp-content\/uploads\/2025\/10\/ChatGPT-Image-Oct-17-2025-11_26_20-AM-200x300.png 200w, https:\/\/www.katinkakraft.com\/wp-content\/uploads\/2025\/10\/ChatGPT-Image-Oct-17-2025-11_26_20-AM-8x12.png 8w, https:\/\/www.katinkakraft.com\/wp-content\/uploads\/2025\/10\/ChatGPT-Image-Oct-17-2025-11_26_20-AM.png 1024w\" sizes=\"(max-width: 683px) 100vw, 683px\" \/>\t\t\t\t\t\t\t\t\t\t\t\t\t\t\t<\/div>\n\t\t\t\t<\/div>\n\t\t\t\t\t<\/div>\n\t\t<\/div>\n\t\t\t\t\t<\/div>\n\t\t<\/section>\n\t\t\t\t<\/div>","protected":false},"excerpt":{"rendered":"<p>When Whales Breathe, We Remember (working title) Developed after my own experience with Long Covid, this performance explores the fragile connection between human breath, neurological sensitivity, and the acoustic lives of whales. It translates invisible experiences of illness and ecological distress into shared sensory and emotional encounters through storytelling, music, and silence. The performance moves &#8230; <a title=\"when whales breathe, we remember\" class=\"read-more\" href=\"https:\/\/www.katinkakraft.com\/de\/grew-out-of-the-forest-copy\/\" aria-label=\"Mehr dazu unter when whales breathe, we remember\">Weiterlesen<\/a><\/p>","protected":false},"author":2,"featured_media":0,"parent":0,"menu_order":0,"comment_status":"closed","ping_status":"closed","template":"","meta":{"footnotes":""},"class_list":["post-5528","page","type-page","status-publish"],"yoast_head":"<!-- This site is optimized with the Yoast SEO plugin v26.1.1 - https:\/\/yoast.com\/wordpress\/plugins\/seo\/ -->\n<title>when whales breathe, we remember - Katinka Kraft<\/title>\n<meta name=\"robots\" content=\"index, follow, max-snippet:-1, max-image-preview:large, max-video-preview:-1\" \/>\n<link rel=\"canonical\" href=\"http:\/\/www.katinkakraft.com\/de\/grew-out-of-the-forest-copy\/\" \/>\n<meta property=\"og:locale\" content=\"de_DE\" \/>\n<meta property=\"og:type\" content=\"article\" \/>\n<meta property=\"og:title\" content=\"when whales breathe, we remember - Katinka Kraft\" \/>\n<meta property=\"og:description\" content=\"When Whales Breathe, We Remember (working title) Developed after my own experience with Long Covid, this performance explores the fragile connection between human breath, neurological sensitivity, and the acoustic lives of whales. It translates invisible experiences of illness and ecological distress into shared sensory and emotional encounters through storytelling, music, and silence. The performance moves ... Weiterlesen\" \/>\n<meta property=\"og:url\" content=\"http:\/\/www.katinkakraft.com\/de\/grew-out-of-the-forest-copy\/\" \/>\n<meta property=\"og:site_name\" content=\"Katinka Kraft\" \/>\n<meta property=\"article:modified_time\" content=\"2026-02-05T08:46:26+00:00\" \/>\n<meta property=\"og:image\" content=\"https:\/\/www.katinkakraft.com\/wp-content\/uploads\/2025\/10\/ChatGPT-Image-Oct-17-2025-11_26_20-AM-683x1024.png\" \/>\n<meta name=\"twitter:card\" content=\"summary_large_image\" \/>\n<meta name=\"twitter:label1\" content=\"Gesch\u00e4tzte Lesezeit\" \/>\n\t<meta name=\"twitter:data1\" content=\"2\u00a0Minuten\" \/>\n<script type=\"application\/ld+json\" class=\"yoast-schema-graph\">{\"@context\":\"https:\/\/schema.org\",\"@graph\":[{\"@type\":\"WebPage\",\"@id\":\"http:\/\/www.katinkakraft.com\/de\/grew-out-of-the-forest-copy\/\",\"url\":\"http:\/\/www.katinkakraft.com\/de\/grew-out-of-the-forest-copy\/\",\"name\":\"when whales breathe, we remember - Katinka Kraft\",\"isPartOf\":{\"@id\":\"https:\/\/www.katinkakraft.com\/#website\"},\"primaryImageOfPage\":{\"@id\":\"http:\/\/www.katinkakraft.com\/de\/grew-out-of-the-forest-copy\/#primaryimage\"},\"image\":{\"@id\":\"http:\/\/www.katinkakraft.com\/de\/grew-out-of-the-forest-copy\/#primaryimage\"},\"thumbnailUrl\":\"https:\/\/www.katinkakraft.com\/wp-content\/uploads\/2025\/10\/ChatGPT-Image-Oct-17-2025-11_26_20-AM-683x1024.png\",\"datePublished\":\"2025-11-18T05:57:47+00:00\",\"dateModified\":\"2026-02-05T08:46:26+00:00\",\"breadcrumb\":{\"@id\":\"http:\/\/www.katinkakraft.com\/de\/grew-out-of-the-forest-copy\/#breadcrumb\"},\"inLanguage\":\"de\",\"potentialAction\":[{\"@type\":\"ReadAction\",\"target\":[\"http:\/\/www.katinkakraft.com\/de\/grew-out-of-the-forest-copy\/\"]}]},{\"@type\":\"ImageObject\",\"inLanguage\":\"de\",\"@id\":\"http:\/\/www.katinkakraft.com\/de\/grew-out-of-the-forest-copy\/#primaryimage\",\"url\":\"https:\/\/www.katinkakraft.com\/wp-content\/uploads\/2025\/10\/ChatGPT-Image-Oct-17-2025-11_26_20-AM-683x1024.png\",\"contentUrl\":\"https:\/\/www.katinkakraft.com\/wp-content\/uploads\/2025\/10\/ChatGPT-Image-Oct-17-2025-11_26_20-AM-683x1024.png\"},{\"@type\":\"BreadcrumbList\",\"@id\":\"http:\/\/www.katinkakraft.com\/de\/grew-out-of-the-forest-copy\/#breadcrumb\",\"itemListElement\":[{\"@type\":\"ListItem\",\"position\":1,\"name\":\"Home\",\"item\":\"https:\/\/www.katinkakraft.com\/\"},{\"@type\":\"ListItem\",\"position\":2,\"name\":\"when whales breathe, we remember\"}]},{\"@type\":\"WebSite\",\"@id\":\"https:\/\/www.katinkakraft.com\/#website\",\"url\":\"https:\/\/www.katinkakraft.com\/\",\"name\":\"Katinka Kraft\",\"description\":\"storytelling, creative mentoring, workshops\",\"publisher\":{\"@id\":\"https:\/\/www.katinkakraft.com\/#organization\"},\"potentialAction\":[{\"@type\":\"SearchAction\",\"target\":{\"@type\":\"EntryPoint\",\"urlTemplate\":\"https:\/\/www.katinkakraft.com\/?s={search_term_string}\"},\"query-input\":{\"@type\":\"PropertyValueSpecification\",\"valueRequired\":true,\"valueName\":\"search_term_string\"}}],\"inLanguage\":\"de\"},{\"@type\":\"Organization\",\"@id\":\"https:\/\/www.katinkakraft.com\/#organization\",\"name\":\"Katinka Kraft\",\"url\":\"https:\/\/www.katinkakraft.com\/\",\"logo\":{\"@type\":\"ImageObject\",\"inLanguage\":\"de\",\"@id\":\"https:\/\/www.katinkakraft.com\/#\/schema\/logo\/image\/\",\"url\":\"https:\/\/www.katinkakraft.com\/wp-content\/uploads\/2020\/11\/katinkakraft_logo.png\",\"contentUrl\":\"https:\/\/www.katinkakraft.com\/wp-content\/uploads\/2020\/11\/katinkakraft_logo.png\",\"width\":727,\"height\":541,\"caption\":\"Katinka Kraft\"},\"image\":{\"@id\":\"https:\/\/www.katinkakraft.com\/#\/schema\/logo\/image\/\"}}]}<\/script>\n<!-- \/ Yoast SEO plugin. -->","yoast_head_json":{"title":"when whales breathe, we remember - Katinka Kraft","robots":{"index":"index","follow":"follow","max-snippet":"max-snippet:-1","max-image-preview":"max-image-preview:large","max-video-preview":"max-video-preview:-1"},"canonical":"http:\/\/www.katinkakraft.com\/de\/grew-out-of-the-forest-copy\/","og_locale":"de_DE","og_type":"article","og_title":"when whales breathe, we remember - Katinka Kraft","og_description":"When Whales Breathe, We Remember (working title) Developed after my own experience with Long Covid, this performance explores the fragile connection between human breath, neurological sensitivity, and the acoustic lives of whales. It translates invisible experiences of illness and ecological distress into shared sensory and emotional encounters through storytelling, music, and silence. The performance moves ... Weiterlesen","og_url":"http:\/\/www.katinkakraft.com\/de\/grew-out-of-the-forest-copy\/","og_site_name":"Katinka Kraft","article_modified_time":"2026-02-05T08:46:26+00:00","og_image":[{"url":"https:\/\/www.katinkakraft.com\/wp-content\/uploads\/2025\/10\/ChatGPT-Image-Oct-17-2025-11_26_20-AM-683x1024.png","type":"","width":"","height":""}],"twitter_card":"summary_large_image","twitter_misc":{"Gesch\u00e4tzte Lesezeit":"2\u00a0Minuten"},"schema":{"@context":"https:\/\/schema.org","@graph":[{"@type":"WebPage","@id":"http:\/\/www.katinkakraft.com\/de\/grew-out-of-the-forest-copy\/","url":"http:\/\/www.katinkakraft.com\/de\/grew-out-of-the-forest-copy\/","name":"when whales breathe, we remember - Katinka Kraft","isPartOf":{"@id":"https:\/\/www.katinkakraft.com\/#website"},"primaryImageOfPage":{"@id":"http:\/\/www.katinkakraft.com\/de\/grew-out-of-the-forest-copy\/#primaryimage"},"image":{"@id":"http:\/\/www.katinkakraft.com\/de\/grew-out-of-the-forest-copy\/#primaryimage"},"thumbnailUrl":"https:\/\/www.katinkakraft.com\/wp-content\/uploads\/2025\/10\/ChatGPT-Image-Oct-17-2025-11_26_20-AM-683x1024.png","datePublished":"2025-11-18T05:57:47+00:00","dateModified":"2026-02-05T08:46:26+00:00","breadcrumb":{"@id":"http:\/\/www.katinkakraft.com\/de\/grew-out-of-the-forest-copy\/#breadcrumb"},"inLanguage":"de","potentialAction":[{"@type":"ReadAction","target":["http:\/\/www.katinkakraft.com\/de\/grew-out-of-the-forest-copy\/"]}]},{"@type":"ImageObject","inLanguage":"de","@id":"http:\/\/www.katinkakraft.com\/de\/grew-out-of-the-forest-copy\/#primaryimage","url":"https:\/\/www.katinkakraft.com\/wp-content\/uploads\/2025\/10\/ChatGPT-Image-Oct-17-2025-11_26_20-AM-683x1024.png","contentUrl":"https:\/\/www.katinkakraft.com\/wp-content\/uploads\/2025\/10\/ChatGPT-Image-Oct-17-2025-11_26_20-AM-683x1024.png"},{"@type":"BreadcrumbList","@id":"http:\/\/www.katinkakraft.com\/de\/grew-out-of-the-forest-copy\/#breadcrumb","itemListElement":[{"@type":"ListItem","position":1,"name":"Home","item":"https:\/\/www.katinkakraft.com\/"},{"@type":"ListItem","position":2,"name":"when whales breathe, we remember"}]},{"@type":"WebSite","@id":"https:\/\/www.katinkakraft.com\/#website","url":"https:\/\/www.katinkakraft.com\/","name":"Katinka Kraft","description":"storytelling, creative mentoring, workshops","publisher":{"@id":"https:\/\/www.katinkakraft.com\/#organization"},"potentialAction":[{"@type":"SearchAction","target":{"@type":"EntryPoint","urlTemplate":"https:\/\/www.katinkakraft.com\/?s={search_term_string}"},"query-input":{"@type":"PropertyValueSpecification","valueRequired":true,"valueName":"search_term_string"}}],"inLanguage":"de"},{"@type":"Organization","@id":"https:\/\/www.katinkakraft.com\/#organization","name":"Katinka Kraft","url":"https:\/\/www.katinkakraft.com\/","logo":{"@type":"ImageObject","inLanguage":"de","@id":"https:\/\/www.katinkakraft.com\/#\/schema\/logo\/image\/","url":"https:\/\/www.katinkakraft.com\/wp-content\/uploads\/2020\/11\/katinkakraft_logo.png","contentUrl":"https:\/\/www.katinkakraft.com\/wp-content\/uploads\/2020\/11\/katinkakraft_logo.png","width":727,"height":541,"caption":"Katinka Kraft"},"image":{"@id":"https:\/\/www.katinkakraft.com\/#\/schema\/logo\/image\/"}}]}},"_links":{"self":[{"href":"https:\/\/www.katinkakraft.com\/de\/wp-json\/wp\/v2\/pages\/5528","targetHints":{"allow":["GET"]}}],"collection":[{"href":"https:\/\/www.katinkakraft.com\/de\/wp-json\/wp\/v2\/pages"}],"about":[{"href":"https:\/\/www.katinkakraft.com\/de\/wp-json\/wp\/v2\/types\/page"}],"author":[{"embeddable":true,"href":"https:\/\/www.katinkakraft.com\/de\/wp-json\/wp\/v2\/users\/2"}],"replies":[{"embeddable":true,"href":"https:\/\/www.katinkakraft.com\/de\/wp-json\/wp\/v2\/comments?post=5528"}],"version-history":[{"count":28,"href":"https:\/\/www.katinkakraft.com\/de\/wp-json\/wp\/v2\/pages\/5528\/revisions"}],"predecessor-version":[{"id":5590,"href":"https:\/\/www.katinkakraft.com\/de\/wp-json\/wp\/v2\/pages\/5528\/revisions\/5590"}],"wp:attachment":[{"href":"https:\/\/www.katinkakraft.com\/de\/wp-json\/wp\/v2\/media?parent=5528"}],"curies":[{"name":"wp","href":"https:\/\/api.w.org\/{rel}","templated":true}]}}