{"id":941,"date":"2021-01-06T14:19:28","date_gmt":"2021-01-06T14:19:28","guid":{"rendered":"http:\/\/www.katinkakraft.com\/?page_id=941"},"modified":"2021-09-08T18:41:38","modified_gmt":"2021-09-08T18:41:38","slug":"how","status":"publish","type":"page","link":"https:\/\/www.katinkakraft.com\/de\/how\/","title":{"rendered":"Wie ich arbeite"},"content":{"rendered":"<div data-elementor-type=\"wp-post\" data-elementor-id=\"941\" class=\"elementor elementor-941\" data-elementor-post-type=\"page\">\n\t\t\t\t\t\t<section class=\"elementor-section elementor-top-section elementor-element elementor-element-3b33ae1 elementor-section-full_width elementor-section-height-min-height elementor-section-content-middle elementor-section-stretched elementor-section-height-default elementor-section-items-middle\" data-id=\"3b33ae1\" data-element_type=\"section\" data-settings=\"{&quot;stretch_section&quot;:&quot;section-stretched&quot;,&quot;background_background&quot;:&quot;classic&quot;}\">\n\t\t\t\t\t\t<div class=\"elementor-container elementor-column-gap-wider\">\n\t\t\t\t\t<div class=\"elementor-column elementor-col-100 elementor-top-column elementor-element elementor-element-1ebef24\" data-id=\"1ebef24\" data-element_type=\"column\" data-settings=\"{&quot;background_background&quot;:&quot;classic&quot;}\">\n\t\t\t<div class=\"elementor-widget-wrap elementor-element-populated\">\n\t\t\t\t\t\t\t<\/div>\n\t\t<\/div>\n\t\t\t\t\t<\/div>\n\t\t<\/section>\n\t\t\t\t<section class=\"elementor-section elementor-top-section elementor-element elementor-element-15cd680 elementor-section-boxed elementor-section-height-default elementor-section-height-default\" data-id=\"15cd680\" data-element_type=\"section\">\n\t\t\t\t\t\t<div class=\"elementor-container elementor-column-gap-default\">\n\t\t\t\t\t<div class=\"elementor-column elementor-col-100 elementor-top-column elementor-element elementor-element-3ad1802\" data-id=\"3ad1802\" data-element_type=\"column\">\n\t\t\t<div class=\"elementor-widget-wrap elementor-element-populated\">\n\t\t\t\t\t\t<div class=\"elementor-element elementor-element-2ead021 elementor-widget elementor-widget-spacer\" data-id=\"2ead021\" data-element_type=\"widget\" data-widget_type=\"spacer.default\">\n\t\t\t\t<div class=\"elementor-widget-container\">\n\t\t\t\t\t\t\t<div class=\"elementor-spacer\">\n\t\t\t<div class=\"elementor-spacer-inner\"><\/div>\n\t\t<\/div>\n\t\t\t\t\t\t<\/div>\n\t\t\t\t<\/div>\n\t\t\t\t\t<\/div>\n\t\t<\/div>\n\t\t\t\t\t<\/div>\n\t\t<\/section>\n\t\t\t\t<section class=\"elementor-section elementor-top-section elementor-element elementor-element-96ce35d elementor-section-boxed elementor-section-height-default elementor-section-height-default\" data-id=\"96ce35d\" data-element_type=\"section\">\n\t\t\t\t\t\t<div class=\"elementor-container elementor-column-gap-default\">\n\t\t\t\t\t<div class=\"elementor-column elementor-col-100 elementor-top-column elementor-element elementor-element-54851c2\" data-id=\"54851c2\" data-element_type=\"column\">\n\t\t\t<div class=\"elementor-widget-wrap\">\n\t\t\t\t\t\t\t<\/div>\n\t\t<\/div>\n\t\t\t\t\t<\/div>\n\t\t<\/section>\n\t\t\t\t<section class=\"elementor-section elementor-top-section elementor-element elementor-element-e3cf32a elementor-section-boxed elementor-section-height-default elementor-section-height-default\" data-id=\"e3cf32a\" data-element_type=\"section\">\n\t\t\t\t\t\t<div class=\"elementor-container elementor-column-gap-default\">\n\t\t\t\t\t<div class=\"elementor-column elementor-col-100 elementor-top-column elementor-element elementor-element-70342e2\" data-id=\"70342e2\" data-element_type=\"column\">\n\t\t\t<div class=\"elementor-widget-wrap elementor-element-populated\">\n\t\t\t\t\t\t<div class=\"elementor-element elementor-element-f3519bb elementor-widget elementor-widget-text-editor\" data-id=\"f3519bb\" data-element_type=\"widget\" data-widget_type=\"text-editor.default\">\n\t\t\t\t<div class=\"elementor-widget-container\">\n\t\t\t\t\t\t\t\t\t<h2>Meine Methoden<\/h2>\t\t\t\t\t\t\t\t<\/div>\n\t\t\t\t<\/div>\n\t\t\t\t<div class=\"elementor-element elementor-element-8853be3 elementor-widget elementor-widget-image\" data-id=\"8853be3\" data-element_type=\"widget\" data-widget_type=\"image.default\">\n\t\t\t\t<div class=\"elementor-widget-container\">\n\t\t\t\t\t\t\t\t\t\t\t\t\t\t\t<img fetchpriority=\"high\" decoding=\"async\" width=\"2560\" height=\"1030\" src=\"https:\/\/www.katinkakraft.com\/wp-content\/uploads\/2021\/05\/Individualcosultation2-scaled-e1622199688310.jpg\" class=\"attachment-medium_large size-medium_large wp-image-1634\" alt=\"\" srcset=\"https:\/\/www.katinkakraft.com\/wp-content\/uploads\/2021\/05\/Individualcosultation2-scaled-e1622199688310.jpg 2560w, https:\/\/www.katinkakraft.com\/wp-content\/uploads\/2021\/05\/Individualcosultation2-scaled-e1622199688310-300x121.jpg 300w, https:\/\/www.katinkakraft.com\/wp-content\/uploads\/2021\/05\/Individualcosultation2-scaled-e1622199688310-1024x412.jpg 1024w, https:\/\/www.katinkakraft.com\/wp-content\/uploads\/2021\/05\/Individualcosultation2-scaled-e1622199688310-1536x618.jpg 1536w, https:\/\/www.katinkakraft.com\/wp-content\/uploads\/2021\/05\/Individualcosultation2-scaled-e1622199688310-2048x824.jpg 2048w, https:\/\/www.katinkakraft.com\/wp-content\/uploads\/2021\/05\/Individualcosultation2-scaled-e1622199688310-16x6.jpg 16w\" sizes=\"(max-width: 2560px) 100vw, 2560px\" \/>\t\t\t\t\t\t\t\t\t\t\t\t\t\t\t<\/div>\n\t\t\t\t<\/div>\n\t\t\t\t<div class=\"elementor-element elementor-element-b9e7d9d elementor-widget elementor-widget-text-editor\" data-id=\"b9e7d9d\" data-element_type=\"widget\" data-widget_type=\"text-editor.default\">\n\t\t\t\t<div class=\"elementor-widget-container\">\n\t\t\t\t\t\t\t\t\t<p>Insgesamt finde ich es wichtig, die Menschen dort abzuholen, wo sie sind, der Gruppe aufmerksam zuzuh\u00f6ren, Struktur anzubieten, direkt und mitf\u00fchlend zu sein und klar zu kommunizieren.<\/p>\t\t\t\t\t\t\t\t<\/div>\n\t\t\t\t<\/div>\n\t\t\t\t\t<\/div>\n\t\t<\/div>\n\t\t\t\t\t<\/div>\n\t\t<\/section>\n\t\t\t\t<section class=\"elementor-section elementor-top-section elementor-element elementor-element-73a94a8 elementor-section-stretched elementor-section-boxed elementor-section-height-default elementor-section-height-default\" data-id=\"73a94a8\" data-element_type=\"section\" data-settings=\"{&quot;stretch_section&quot;:&quot;section-stretched&quot;,&quot;background_background&quot;:&quot;classic&quot;}\">\n\t\t\t\t\t\t<div class=\"elementor-container elementor-column-gap-default\">\n\t\t\t\t\t<div class=\"elementor-column elementor-col-100 elementor-top-column elementor-element elementor-element-d6ad02c\" data-id=\"d6ad02c\" data-element_type=\"column\">\n\t\t\t<div class=\"elementor-widget-wrap elementor-element-populated\">\n\t\t\t\t\t\t<div class=\"elementor-element elementor-element-326cfaf elementor-widget elementor-widget-text-editor\" data-id=\"326cfaf\" data-element_type=\"widget\" data-widget_type=\"text-editor.default\">\n\t\t\t\t<div class=\"elementor-widget-container\">\n\t\t\t\t\t\t\t\t\t<h3>Kreative Strategien<\/h3><p>Ich habe ein ganzes B\u00fcndel von Strategien dabei, um weniger zu denken und mehr zu kreieren. Und um uns mit der Art und Weise zu verbinden, wie wir von Natur aus kreativ sind. Im Laufe der Jahre habe ich viele Teilnehmer_innen beobachtet, wie sie sich f\u00fcr drei Minuten hinsetzten, um eine freie Schreib\u00fcbung zu machen und dabei entdeckten, dass sie tats\u00e4chlich einen eigenen Schreibstil, eine eigene Stimme und etwas zu sagen hatten. Es kann so einfach sein. Ich denke, es ist wichtig, unseren kreativen Impulsen Raum zu geben und dann die Werkzeuge zu lernen, die uns helfen, sie zu erweitern und zu vertiefen.\u00a0<\/p>\t\t\t\t\t\t\t\t<\/div>\n\t\t\t\t<\/div>\n\t\t\t\t\t<\/div>\n\t\t<\/div>\n\t\t\t\t\t<\/div>\n\t\t<\/section>\n\t\t\t\t<section class=\"elementor-section elementor-top-section elementor-element elementor-element-07381f6 elementor-section-stretched elementor-section-boxed elementor-section-height-default elementor-section-height-default\" data-id=\"07381f6\" data-element_type=\"section\" data-settings=\"{&quot;stretch_section&quot;:&quot;section-stretched&quot;,&quot;background_background&quot;:&quot;classic&quot;}\">\n\t\t\t\t\t\t<div class=\"elementor-container elementor-column-gap-default\">\n\t\t\t\t\t<div class=\"elementor-column elementor-col-100 elementor-top-column elementor-element elementor-element-3de9469\" data-id=\"3de9469\" data-element_type=\"column\">\n\t\t\t<div class=\"elementor-widget-wrap elementor-element-populated\">\n\t\t\t\t\t\t<div class=\"elementor-element elementor-element-7cf1514 elementor-widget elementor-widget-text-editor\" data-id=\"7cf1514\" data-element_type=\"widget\" data-widget_type=\"text-editor.default\">\n\t\t\t\t<div class=\"elementor-widget-container\">\n\t\t\t\t\t\t\t\t\t<h3>Intuition<\/h3><p>Obwohl ich in dieser Arbeit viel n\u00fctzliches Handwerkszeug gelernt habe und mich wirklich damit ausleben kann, lasse ich mich am meisten von meiner Intuition leiten. In jeder Sitzung gibt es Momente, in denen ich mich auf diese Intuition einlasse, ihr zuh\u00f6re und die auftauchenden Bilder, Ideen und Gedanken mit dir teile. Ich ermutige dich immer, das mitzunehmen, was zu dir passt und f\u00fcr dich funktioniert.\u00a0<\/p>\t\t\t\t\t\t\t\t<\/div>\n\t\t\t\t<\/div>\n\t\t\t\t\t<\/div>\n\t\t<\/div>\n\t\t\t\t\t<\/div>\n\t\t<\/section>\n\t\t\t\t<section class=\"elementor-section elementor-top-section elementor-element elementor-element-7f1300c elementor-section-stretched elementor-section-boxed elementor-section-height-default elementor-section-height-default\" data-id=\"7f1300c\" data-element_type=\"section\" data-settings=\"{&quot;stretch_section&quot;:&quot;section-stretched&quot;,&quot;background_background&quot;:&quot;classic&quot;}\">\n\t\t\t\t\t\t<div class=\"elementor-container elementor-column-gap-default\">\n\t\t\t\t\t<div class=\"elementor-column elementor-col-100 elementor-top-column elementor-element elementor-element-453bcfb\" data-id=\"453bcfb\" data-element_type=\"column\">\n\t\t\t<div class=\"elementor-widget-wrap elementor-element-populated\">\n\t\t\t\t\t\t<div class=\"elementor-element elementor-element-0cee32b elementor-widget elementor-widget-text-editor\" data-id=\"0cee32b\" data-element_type=\"widget\" data-widget_type=\"text-editor.default\">\n\t\t\t\t<div class=\"elementor-widget-container\">\n\t\t\t\t\t\t\t\t\t<h3>Was funktioniert<\/h3><p>In meinen Workshops und Beratungen konzentriere ich mich immer auf das, was funktioniert. Die Absicht, wenn ich Feedback gebe, muss sein: \"Ich m\u00f6chte, dass du dich motiviert f\u00fchlst, weiterzumachen...\". Wie oft bekommen wir im Alltag ein Feedback, das wir gar nicht h\u00f6ren wollten, von jemandem, der an dem Tag schlecht gelaunt war, uns aber wochenlang kreativ blockiert hat? Das nervt. Wenn wir unseren Text mit einem Auge daf\u00fcr betrachten, was funktioniert, dann verbreitet sich das. Das Schreiben wird besser. Ich habe das in den letzten zwanzig Jahren in unz\u00e4hligen Workshops mit Teilnehmer_innen erlebt. Es funktioniert. Und ja, wir werden unsere Erz\u00e4hlungen \u00fcberarbeiten, polieren, k\u00fcrzen und verfeinern, sobald diese Schritte Sinn machen und zu unseren kreativen Zielen f\u00fchren.<\/p>\t\t\t\t\t\t\t\t<\/div>\n\t\t\t\t<\/div>\n\t\t\t\t\t<\/div>\n\t\t<\/div>\n\t\t\t\t\t<\/div>\n\t\t<\/section>\n\t\t\t\t<section class=\"elementor-section elementor-top-section elementor-element elementor-element-4d3d5bb elementor-section-height-min-height elementor-section-boxed elementor-section-height-default elementor-section-items-middle\" data-id=\"4d3d5bb\" data-element_type=\"section\">\n\t\t\t\t\t\t<div class=\"elementor-container elementor-column-gap-default\">\n\t\t\t\t\t<div class=\"elementor-column elementor-col-33 elementor-top-column elementor-element elementor-element-3002e43\" data-id=\"3002e43\" data-element_type=\"column\">\n\t\t\t<div class=\"elementor-widget-wrap elementor-element-populated\">\n\t\t\t\t\t\t<div class=\"elementor-element elementor-element-2b377f8 elementor-align-center elementor-widget elementor-widget-button\" data-id=\"2b377f8\" data-element_type=\"widget\" data-widget_type=\"button.default\">\n\t\t\t\t<div class=\"elementor-widget-container\">\n\t\t\t\t\t\t\t\t\t<div class=\"elementor-button-wrapper\">\n\t\t\t\t\t<a class=\"elementor-button elementor-button-link elementor-size-sm elementor-animation-grow\" href=\"http:\/\/www.katinkakraft.com\/de\/storytelling\/\">\n\t\t\t\t\t\t<span class=\"elementor-button-content-wrapper\">\n\t\t\t\t\t\t\t\t\t<span class=\"elementor-button-text\">Storytelling<\/span>\n\t\t\t\t\t<\/span>\n\t\t\t\t\t<\/a>\n\t\t\t\t<\/div>\n\t\t\t\t\t\t\t\t<\/div>\n\t\t\t\t<\/div>\n\t\t\t\t\t<\/div>\n\t\t<\/div>\n\t\t\t\t<div class=\"elementor-column elementor-col-33 elementor-top-column elementor-element elementor-element-abd07da\" data-id=\"abd07da\" data-element_type=\"column\">\n\t\t\t<div class=\"elementor-widget-wrap elementor-element-populated\">\n\t\t\t\t\t\t<div class=\"elementor-element elementor-element-42fea6b elementor-align-center elementor-widget elementor-widget-button\" data-id=\"42fea6b\" data-element_type=\"widget\" data-widget_type=\"button.default\">\n\t\t\t\t<div class=\"elementor-widget-container\">\n\t\t\t\t\t\t\t\t\t<div class=\"elementor-button-wrapper\">\n\t\t\t\t\t<a class=\"elementor-button elementor-button-link elementor-size-sm elementor-animation-grow\" href=\"http:\/\/www.katinkakraft.com\/de\/creative-mentoring\/\">\n\t\t\t\t\t\t<span class=\"elementor-button-content-wrapper\">\n\t\t\t\t\t\t\t\t\t<span class=\"elementor-button-text\">Kreatives Mentorship<\/span>\n\t\t\t\t\t<\/span>\n\t\t\t\t\t<\/a>\n\t\t\t\t<\/div>\n\t\t\t\t\t\t\t\t<\/div>\n\t\t\t\t<\/div>\n\t\t\t\t\t<\/div>\n\t\t<\/div>\n\t\t\t\t<div class=\"elementor-column elementor-col-33 elementor-top-column elementor-element elementor-element-7c01c24\" data-id=\"7c01c24\" data-element_type=\"column\">\n\t\t\t<div class=\"elementor-widget-wrap elementor-element-populated\">\n\t\t\t\t\t\t<div class=\"elementor-element elementor-element-aeea228 elementor-align-center elementor-widget elementor-widget-button\" data-id=\"aeea228\" data-element_type=\"widget\" data-widget_type=\"button.default\">\n\t\t\t\t<div class=\"elementor-widget-container\">\n\t\t\t\t\t\t\t\t\t<div class=\"elementor-button-wrapper\">\n\t\t\t\t\t<a class=\"elementor-button elementor-button-link elementor-size-sm elementor-animation-grow\" href=\"http:\/\/www.katinkakraft.com\/de\/workshops\/\">\n\t\t\t\t\t\t<span class=\"elementor-button-content-wrapper\">\n\t\t\t\t\t\t\t\t\t<span class=\"elementor-button-text\">Workshops<\/span>\n\t\t\t\t\t<\/span>\n\t\t\t\t\t<\/a>\n\t\t\t\t<\/div>\n\t\t\t\t\t\t\t\t<\/div>\n\t\t\t\t<\/div>\n\t\t\t\t\t<\/div>\n\t\t<\/div>\n\t\t\t\t\t<\/div>\n\t\t<\/section>\n\t\t\t\t<\/div>","protected":false},"excerpt":{"rendered":"<p>My Methods Overall, I find it important to meet people where they are, listen carefully to the group, offer structure, be direct and compassionate, and communicate clearly. Creative Strategizing I carry with me a toolkit of strategies to move into less thinking and more creating and to connect with the ways in which we are &#8230; <a title=\"Wie ich arbeite\" class=\"read-more\" href=\"https:\/\/www.katinkakraft.com\/de\/how\/\" aria-label=\"Mehr dazu unter how I work\">Weiterlesen<\/a><\/p>","protected":false},"author":2,"featured_media":0,"parent":0,"menu_order":0,"comment_status":"closed","ping_status":"closed","template":"","meta":{"footnotes":""},"class_list":["post-941","page","type-page","status-publish"],"yoast_head":"<!-- This site is optimized with the Yoast SEO plugin v26.1.1 - https:\/\/yoast.com\/wordpress\/plugins\/seo\/ -->\n<title>how I work - Katinka Kraft<\/title>\n<meta name=\"robots\" content=\"index, follow, max-snippet:-1, max-image-preview:large, max-video-preview:-1\" \/>\n<link rel=\"canonical\" href=\"http:\/\/www.katinkakraft.com\/de\/how\/\" \/>\n<meta property=\"og:locale\" content=\"de_DE\" \/>\n<meta property=\"og:type\" content=\"article\" \/>\n<meta property=\"og:title\" content=\"how I work - Katinka Kraft\" \/>\n<meta property=\"og:description\" content=\"My Methods Overall, I find it important to meet people where they are, listen carefully to the group, offer structure, be direct and compassionate, and communicate clearly. Creative Strategizing I carry with me a toolkit of strategies to move into less thinking and more creating and to connect with the ways in which we are ... Weiterlesen\" \/>\n<meta property=\"og:url\" content=\"http:\/\/www.katinkakraft.com\/de\/how\/\" \/>\n<meta property=\"og:site_name\" content=\"Katinka Kraft\" \/>\n<meta property=\"article:modified_time\" content=\"2021-09-08T18:41:38+00:00\" \/>\n<meta property=\"og:image\" content=\"http:\/\/www.katinkakraft.com\/wp-content\/uploads\/2021\/05\/Individualcosultation2-scaled-e1622199688310.jpg\" \/>\n<meta name=\"twitter:card\" content=\"summary_large_image\" \/>\n<meta name=\"twitter:label1\" content=\"Gesch\u00e4tzte Lesezeit\" \/>\n\t<meta name=\"twitter:data1\" content=\"2\u00a0Minuten\" \/>\n<script type=\"application\/ld+json\" class=\"yoast-schema-graph\">{\"@context\":\"https:\/\/schema.org\",\"@graph\":[{\"@type\":\"WebPage\",\"@id\":\"http:\/\/www.katinkakraft.com\/how\/\",\"url\":\"http:\/\/www.katinkakraft.com\/how\/\",\"name\":\"how I work - Katinka Kraft\",\"isPartOf\":{\"@id\":\"https:\/\/www.katinkakraft.com\/#website\"},\"primaryImageOfPage\":{\"@id\":\"http:\/\/www.katinkakraft.com\/how\/#primaryimage\"},\"image\":{\"@id\":\"http:\/\/www.katinkakraft.com\/how\/#primaryimage\"},\"thumbnailUrl\":\"http:\/\/www.katinkakraft.com\/wp-content\/uploads\/2021\/05\/Individualcosultation2-scaled-e1622199688310.jpg\",\"datePublished\":\"2021-01-06T14:19:28+00:00\",\"dateModified\":\"2021-09-08T18:41:38+00:00\",\"breadcrumb\":{\"@id\":\"http:\/\/www.katinkakraft.com\/how\/#breadcrumb\"},\"inLanguage\":\"de\",\"potentialAction\":[{\"@type\":\"ReadAction\",\"target\":[\"http:\/\/www.katinkakraft.com\/how\/\"]}]},{\"@type\":\"ImageObject\",\"inLanguage\":\"de\",\"@id\":\"http:\/\/www.katinkakraft.com\/how\/#primaryimage\",\"url\":\"http:\/\/www.katinkakraft.com\/wp-content\/uploads\/2021\/05\/Individualcosultation2-scaled-e1622199688310.jpg\",\"contentUrl\":\"http:\/\/www.katinkakraft.com\/wp-content\/uploads\/2021\/05\/Individualcosultation2-scaled-e1622199688310.jpg\"},{\"@type\":\"BreadcrumbList\",\"@id\":\"http:\/\/www.katinkakraft.com\/how\/#breadcrumb\",\"itemListElement\":[{\"@type\":\"ListItem\",\"position\":1,\"name\":\"Home\",\"item\":\"https:\/\/www.katinkakraft.com\/\"},{\"@type\":\"ListItem\",\"position\":2,\"name\":\"how I work\"}]},{\"@type\":\"WebSite\",\"@id\":\"https:\/\/www.katinkakraft.com\/#website\",\"url\":\"https:\/\/www.katinkakraft.com\/\",\"name\":\"Katinka Kraft\",\"description\":\"storytelling, creative mentoring, workshops\",\"publisher\":{\"@id\":\"https:\/\/www.katinkakraft.com\/#organization\"},\"potentialAction\":[{\"@type\":\"SearchAction\",\"target\":{\"@type\":\"EntryPoint\",\"urlTemplate\":\"https:\/\/www.katinkakraft.com\/?s={search_term_string}\"},\"query-input\":{\"@type\":\"PropertyValueSpecification\",\"valueRequired\":true,\"valueName\":\"search_term_string\"}}],\"inLanguage\":\"de\"},{\"@type\":\"Organization\",\"@id\":\"https:\/\/www.katinkakraft.com\/#organization\",\"name\":\"Katinka Kraft\",\"url\":\"https:\/\/www.katinkakraft.com\/\",\"logo\":{\"@type\":\"ImageObject\",\"inLanguage\":\"de\",\"@id\":\"https:\/\/www.katinkakraft.com\/#\/schema\/logo\/image\/\",\"url\":\"https:\/\/www.katinkakraft.com\/wp-content\/uploads\/2020\/11\/katinkakraft_logo.png\",\"contentUrl\":\"https:\/\/www.katinkakraft.com\/wp-content\/uploads\/2020\/11\/katinkakraft_logo.png\",\"width\":727,\"height\":541,\"caption\":\"Katinka Kraft\"},\"image\":{\"@id\":\"https:\/\/www.katinkakraft.com\/#\/schema\/logo\/image\/\"}}]}<\/script>\n<!-- \/ Yoast SEO plugin. -->","yoast_head_json":{"title":"how I work - Katinka Kraft","robots":{"index":"index","follow":"follow","max-snippet":"max-snippet:-1","max-image-preview":"max-image-preview:large","max-video-preview":"max-video-preview:-1"},"canonical":"http:\/\/www.katinkakraft.com\/de\/how\/","og_locale":"de_DE","og_type":"article","og_title":"how I work - Katinka Kraft","og_description":"My Methods Overall, I find it important to meet people where they are, listen carefully to the group, offer structure, be direct and compassionate, and communicate clearly. Creative Strategizing I carry with me a toolkit of strategies to move into less thinking and more creating and to connect with the ways in which we are ... Weiterlesen","og_url":"http:\/\/www.katinkakraft.com\/de\/how\/","og_site_name":"Katinka Kraft","article_modified_time":"2021-09-08T18:41:38+00:00","og_image":[{"url":"http:\/\/www.katinkakraft.com\/wp-content\/uploads\/2021\/05\/Individualcosultation2-scaled-e1622199688310.jpg","type":"","width":"","height":""}],"twitter_card":"summary_large_image","twitter_misc":{"Gesch\u00e4tzte Lesezeit":"2\u00a0Minuten"},"schema":{"@context":"https:\/\/schema.org","@graph":[{"@type":"WebPage","@id":"http:\/\/www.katinkakraft.com\/how\/","url":"http:\/\/www.katinkakraft.com\/how\/","name":"how I work - Katinka Kraft","isPartOf":{"@id":"https:\/\/www.katinkakraft.com\/#website"},"primaryImageOfPage":{"@id":"http:\/\/www.katinkakraft.com\/how\/#primaryimage"},"image":{"@id":"http:\/\/www.katinkakraft.com\/how\/#primaryimage"},"thumbnailUrl":"http:\/\/www.katinkakraft.com\/wp-content\/uploads\/2021\/05\/Individualcosultation2-scaled-e1622199688310.jpg","datePublished":"2021-01-06T14:19:28+00:00","dateModified":"2021-09-08T18:41:38+00:00","breadcrumb":{"@id":"http:\/\/www.katinkakraft.com\/how\/#breadcrumb"},"inLanguage":"de","potentialAction":[{"@type":"ReadAction","target":["http:\/\/www.katinkakraft.com\/how\/"]}]},{"@type":"ImageObject","inLanguage":"de","@id":"http:\/\/www.katinkakraft.com\/how\/#primaryimage","url":"http:\/\/www.katinkakraft.com\/wp-content\/uploads\/2021\/05\/Individualcosultation2-scaled-e1622199688310.jpg","contentUrl":"http:\/\/www.katinkakraft.com\/wp-content\/uploads\/2021\/05\/Individualcosultation2-scaled-e1622199688310.jpg"},{"@type":"BreadcrumbList","@id":"http:\/\/www.katinkakraft.com\/how\/#breadcrumb","itemListElement":[{"@type":"ListItem","position":1,"name":"Home","item":"https:\/\/www.katinkakraft.com\/"},{"@type":"ListItem","position":2,"name":"how I work"}]},{"@type":"WebSite","@id":"https:\/\/www.katinkakraft.com\/#website","url":"https:\/\/www.katinkakraft.com\/","name":"Katinka Kraft","description":"storytelling, creative mentoring, workshops","publisher":{"@id":"https:\/\/www.katinkakraft.com\/#organization"},"potentialAction":[{"@type":"SearchAction","target":{"@type":"EntryPoint","urlTemplate":"https:\/\/www.katinkakraft.com\/?s={search_term_string}"},"query-input":{"@type":"PropertyValueSpecification","valueRequired":true,"valueName":"search_term_string"}}],"inLanguage":"de"},{"@type":"Organization","@id":"https:\/\/www.katinkakraft.com\/#organization","name":"Katinka Kraft","url":"https:\/\/www.katinkakraft.com\/","logo":{"@type":"ImageObject","inLanguage":"de","@id":"https:\/\/www.katinkakraft.com\/#\/schema\/logo\/image\/","url":"https:\/\/www.katinkakraft.com\/wp-content\/uploads\/2020\/11\/katinkakraft_logo.png","contentUrl":"https:\/\/www.katinkakraft.com\/wp-content\/uploads\/2020\/11\/katinkakraft_logo.png","width":727,"height":541,"caption":"Katinka Kraft"},"image":{"@id":"https:\/\/www.katinkakraft.com\/#\/schema\/logo\/image\/"}}]}},"_links":{"self":[{"href":"https:\/\/www.katinkakraft.com\/de\/wp-json\/wp\/v2\/pages\/941","targetHints":{"allow":["GET"]}}],"collection":[{"href":"https:\/\/www.katinkakraft.com\/de\/wp-json\/wp\/v2\/pages"}],"about":[{"href":"https:\/\/www.katinkakraft.com\/de\/wp-json\/wp\/v2\/types\/page"}],"author":[{"embeddable":true,"href":"https:\/\/www.katinkakraft.com\/de\/wp-json\/wp\/v2\/users\/2"}],"replies":[{"embeddable":true,"href":"https:\/\/www.katinkakraft.com\/de\/wp-json\/wp\/v2\/comments?post=941"}],"version-history":[{"count":48,"href":"https:\/\/www.katinkakraft.com\/de\/wp-json\/wp\/v2\/pages\/941\/revisions"}],"predecessor-version":[{"id":2393,"href":"https:\/\/www.katinkakraft.com\/de\/wp-json\/wp\/v2\/pages\/941\/revisions\/2393"}],"wp:attachment":[{"href":"https:\/\/www.katinkakraft.com\/de\/wp-json\/wp\/v2\/media?parent=941"}],"curies":[{"name":"wp","href":"https:\/\/api.w.org\/{rel}","templated":true}]}}